{"id":63,"date":"2016-05-09T23:26:44","date_gmt":"2016-05-09T22:26:44","guid":{"rendered":"http:\/\/via-arverna.org\/?page_id=63"},"modified":"2020-08-04T11:10:00","modified_gmt":"2020-08-04T10:10:00","slug":"etape-18","status":"publish","type":"page","link":"https:\/\/archive.via-arverna.org\/?page_id=63","title":{"rendered":"18 Rocamadour => Labastide"},"content":{"rendered":"<p style=\"text-align: center;\"><script src=\"http:\/\/www.openrunner.com\/orservice\/inorser-script.php?key=mykey&amp;ser=S09&amp;id=6078765&amp;w=500&amp;h=500&amp;hp=128&amp;k=5&amp;m=0&amp;pa=1&amp;c=0&amp;ts=1463090253\" type=\"text\/javascript\"><\/script><\/p>\n<p style=\"text-align: center;\"><iframe loading=\"lazy\" style=\"width: 460px; height: 499px;\" src=\"https:\/\/www.meteoblue.com\/fr\/meteo\/widget\/three\/rocamadour_france_6434870?geoloc=fixed&amp;nocurrent=1&amp;days=4&amp;tempunit=CELSIUS&amp;windunit=KILOMETER_PER_HOUR&amp;layout=bright\" width=\"300\" height=\"150\" frameborder=\"1\" scrolling=\"NO\" sandbox=\"allow-same-origin allow-scripts allow-popups\"><\/iframe><\/p>\n<p style=\"text-align: left;\"><img loading=\"lazy\" class=\"aligncenter size-thumbnail wp-image-524\" src=\"http:\/\/via-arverna.org\/wp-content\/uploads\/2016\/05\/Montfaucon-Gites-150x150.jpg\" alt=\"Montfaucon Gites\" width=\"150\" height=\"150\" \/>Bonne adresse: \u00e0 Montfaucon le g\u00eete pour p\u00e8l\u00e9rins dans l&rsquo;ancien presbyt\u00e8re.<\/p>\n<p style=\"text-align: center;\"><a href=\"http:\/\/via-arverna.org\/?page_id=61\" target=\"_blank\" rel=\"noopener noreferrer\">Etape Pr\u00e9c\u00e9dente <\/a> &#8211; <a href=\"http:\/\/via-arverna.org\/?page_id=65\" target=\"_blank\" rel=\"noopener noreferrer\">Etape suivante<\/a><\/p>\n","protected":false},"excerpt":{"rendered":"<p>Bonne adresse: \u00e0 Montfaucon le g\u00eete pour p\u00e8l\u00e9rins dans l&rsquo;ancien presbyt\u00e8re. Etape Pr\u00e9c\u00e9dente &#8211; Etape suivante<\/p>\n","protected":false},"author":1,"featured_media":0,"parent":18,"menu_order":21,"comment_status":"closed","ping_status":"closed","template":"","meta":{"ngg_post_thumbnail":0},"_links":{"self":[{"href":"https:\/\/archive.via-arverna.org\/index.php?rest_route=\/wp\/v2\/pages\/63"}],"collection":[{"href":"https:\/\/archive.via-arverna.org\/index.php?rest_route=\/wp\/v2\/pages"}],"about":[{"href":"https:\/\/archive.via-arverna.org\/index.php?rest_route=\/wp\/v2\/types\/page"}],"author":[{"embeddable":true,"href":"https:\/\/archive.via-arverna.org\/index.php?rest_route=\/wp\/v2\/users\/1"}],"replies":[{"embeddable":true,"href":"https:\/\/archive.via-arverna.org\/index.php?rest_route=%2Fwp%2Fv2%2Fcomments&post=63"}],"version-history":[{"count":17,"href":"https:\/\/archive.via-arverna.org\/index.php?rest_route=\/wp\/v2\/pages\/63\/revisions"}],"predecessor-version":[{"id":1163,"href":"https:\/\/archive.via-arverna.org\/index.php?rest_route=\/wp\/v2\/pages\/63\/revisions\/1163"}],"up":[{"embeddable":true,"href":"https:\/\/archive.via-arverna.org\/index.php?rest_route=\/wp\/v2\/pages\/18"}],"wp:attachment":[{"href":"https:\/\/archive.via-arverna.org\/index.php?rest_route=%2Fwp%2Fv2%2Fmedia&parent=63"}],"curies":[{"name":"wp","href":"https:\/\/api.w.org\/{rel}","templated":true}]}}