{"id":46,"date":"2016-05-09T23:19:11","date_gmt":"2016-05-09T22:19:11","guid":{"rendered":"http:\/\/via-arverna.org\/?page_id=46"},"modified":"2020-08-04T11:09:32","modified_gmt":"2020-08-04T10:09:32","slug":"etape-11","status":"publish","type":"page","link":"https:\/\/archive.via-arverna.org\/?page_id=46","title":{"rendered":"11 St-Jacques-des-Blats >Vic"},"content":{"rendered":"<p style=\"text-align: center;\"><script src=\"http:\/\/www.openrunner.com\/orservice\/inorser-script.php?key=mykey&amp;ser=S09&amp;id=6078681&amp;w=500&amp;h=350&amp;hp=128&amp;k=5&amp;m=0&amp;pa=1&amp;c=0&amp;ts=1463088215\" type=\"text\/javascript\"><\/script><\/p>\n<p style=\"text-align: center;\"><iframe loading=\"lazy\" style=\"width: 460px; height: 500px;\" src=\"https:\/\/www.meteoblue.com\/fr\/meteo\/widget\/three\/saint-jacques-des-blats_france_6427637?geoloc=fixed&amp;nocurrent=1&amp;days=4&amp;tempunit=CELSIUS&amp;windunit=KILOMETER_PER_HOUR&amp;layout=bright\" width=\"300\" height=\"150\" frameborder=\"1\" scrolling=\"NO\" sandbox=\"allow-same-origin allow-scripts allow-popups\"><\/iframe><\/p>\n<p style=\"text-align: center;\"><a href=\"http:\/\/www.carlades.fr\/\" target=\"_blank\" rel=\"noopener noreferrer\">Office du Tourisme Vic-sur-C\u00e8re<\/a><\/p>\n<p style=\"text-align: center;\"><a href=\"http:\/\/via-arverna.org\/?page_id=44\" target=\"_blank\" rel=\"noopener noreferrer\">Etape Pr\u00e9c\u00e9dente <\/a> &#8211; <a href=\"http:\/\/via-arverna.org\/?page_id=50\" target=\"_blank\" rel=\"noopener noreferrer\">Etape suivante<\/a><\/p>\n","protected":false},"excerpt":{"rendered":"<p>Office du Tourisme Vic-sur-C\u00e8re Etape Pr\u00e9c\u00e9dente &#8211; Etape suivante<\/p>\n","protected":false},"author":1,"featured_media":0,"parent":18,"menu_order":14,"comment_status":"closed","ping_status":"closed","template":"","meta":{"ngg_post_thumbnail":0},"_links":{"self":[{"href":"https:\/\/archive.via-arverna.org\/index.php?rest_route=\/wp\/v2\/pages\/46"}],"collection":[{"href":"https:\/\/archive.via-arverna.org\/index.php?rest_route=\/wp\/v2\/pages"}],"about":[{"href":"https:\/\/archive.via-arverna.org\/index.php?rest_route=\/wp\/v2\/types\/page"}],"author":[{"embeddable":true,"href":"https:\/\/archive.via-arverna.org\/index.php?rest_route=\/wp\/v2\/users\/1"}],"replies":[{"embeddable":true,"href":"https:\/\/archive.via-arverna.org\/index.php?rest_route=%2Fwp%2Fv2%2Fcomments&post=46"}],"version-history":[{"count":17,"href":"https:\/\/archive.via-arverna.org\/index.php?rest_route=\/wp\/v2\/pages\/46\/revisions"}],"predecessor-version":[{"id":1156,"href":"https:\/\/archive.via-arverna.org\/index.php?rest_route=\/wp\/v2\/pages\/46\/revisions\/1156"}],"up":[{"embeddable":true,"href":"https:\/\/archive.via-arverna.org\/index.php?rest_route=\/wp\/v2\/pages\/18"}],"wp:attachment":[{"href":"https:\/\/archive.via-arverna.org\/index.php?rest_route=%2Fwp%2Fv2%2Fmedia&parent=46"}],"curies":[{"name":"wp","href":"https:\/\/api.w.org\/{rel}","templated":true}]}}