{"id":44,"date":"2016-05-09T23:18:53","date_gmt":"2016-05-09T22:18:53","guid":{"rendered":"http:\/\/via-arverna.org\/?page_id=44"},"modified":"2021-09-09T14:06:17","modified_gmt":"2021-09-09T13:06:17","slug":"etape-10","status":"publish","type":"page","link":"https:\/\/archive.via-arverna.org\/?page_id=44","title":{"rendered":"10 Murat => St-J.-des-Blats"},"content":{"rendered":"<p style=\"text-align: center;\"><script src=\"http:\/\/www.openrunner.com\/orservice\/inorser-script.php?key=mykey&amp;ser=S09&amp;id=6078671&amp;w=500&amp;h=350&amp;hp=128&amp;k=5&amp;m=0&amp;pa=1&amp;c=0&amp;ts=1463088072\" type=\"text\/javascript\"><\/script><\/p>\n<p style=\"text-align: center;\"><iframe loading=\"lazy\" style=\"width: 460px; height: 499px;\" src=\"https:\/\/www.meteoblue.com\/fr\/meteo\/widget\/three\/murat_france_6613325?geoloc=fixed&amp;nocurrent=1&amp;days=4&amp;tempunit=CELSIUS&amp;windunit=KILOMETER_PER_HOUR&amp;layout=bright\" width=\"300\" height=\"150\" frameborder=\"1\" scrolling=\"NO\" sandbox=\"allow-same-origin allow-scripts allow-popups\"><\/iframe><\/p>\n<p style=\"text-align: center;\"><a href=\"http:\/\/via-arverna.org\/?page_id=42\" target=\"_blank\" rel=\"noopener noreferrer\">Etape Pr\u00e9c\u00e9dente <\/a> &#8211; <a href=\"http:\/\/via-arverna.org\/?page_id=46\">Etape suivante<\/a><\/p>\n\n\n<p><strong>4 juin 2021<\/strong><\/p>\n\n\n\n<p>Bonjour \u00e0 tous&nbsp;et \u00e0 toutes,<br>Compte tenu d&rsquo;une modification partielle de <strong>l&rsquo;\u00e9tape 10<\/strong> (MURAT \/ SAINT JACQUES DES BLATS), cons\u00e9quence du refus de renouvellement de l&rsquo;autorisation de passage par l&rsquo;un des propri\u00e9taires des lieux (les chemins sont souvent priv\u00e9s), vous trouverez ci-dessous le nouveau plan surlign\u00e9 en bleu.<\/p>\n\n\n\n<p>Toutefois, pour vous \u00e9viter de monter jusqu&rsquo;\u00e0 CHEIROUZE -point 4 sur le guide papier \u00e9tape 10- <strong>nous vous invitons \u00e0 emprunter la variante VTT depuis MURAT jusqu&rsquo;\u00e0 LAVEISSIERE<\/strong>, tron\u00e7on balis\u00e9 sous la forme \u00ab\u00a0VIA ARVERNA &#8211; Les variantes du Colporteur\u00a0\u00bb.                                                                                                                 A LAVEISSIERE vous trouverez le nouveau balisage via Arverna vous permettant de rejoindre le rocher du Bec de l&rsquo;aigle et ensuite retrouver le balisage et le circuit normal pour rejoindre SAINT JACQUES DES BLATS comme indiqu\u00e9 sur le guide papier.<br><br><\/p>\n\n\n\n<p><\/p>\n\n\n\n<figure class=\"wp-block-image size-large\"><img loading=\"lazy\" width=\"1024\" height=\"725\" src=\"http:\/\/via-arverna.org\/wp-content\/uploads\/2021\/06\/image-1-1024x725.png\" alt=\"\" class=\"wp-image-14960\" srcset=\"https:\/\/archive.via-arverna.org\/wp-content\/uploads\/2021\/06\/image-1-1024x725.png 1024w, https:\/\/archive.via-arverna.org\/wp-content\/uploads\/2021\/06\/image-1-300x212.png 300w, https:\/\/archive.via-arverna.org\/wp-content\/uploads\/2021\/06\/image-1-768x543.png 768w, https:\/\/archive.via-arverna.org\/wp-content\/uploads\/2021\/06\/image-1.png 1122w\" sizes=\"(max-width: 709px) 85vw, (max-width: 909px) 67vw, (max-width: 1362px) 62vw, 840px\" \/><\/figure>\n","protected":false},"excerpt":{"rendered":"<p>Etape Pr\u00e9c\u00e9dente &#8211; Etape suivante 4 juin 2021 Bonjour \u00e0 tous&nbsp;et \u00e0 toutes,Compte tenu d&rsquo;une modification partielle de l&rsquo;\u00e9tape 10 (MURAT \/ SAINT JACQUES DES BLATS), cons\u00e9quence du refus de renouvellement de l&rsquo;autorisation de passage par l&rsquo;un des propri\u00e9taires des lieux (les chemins sont souvent priv\u00e9s), vous trouverez ci-dessous le nouveau plan surlign\u00e9 en bleu. &hellip; <a href=\"https:\/\/archive.via-arverna.org\/?page_id=44\" class=\"more-link\">Continuer la lecture<span class=\"screen-reader-text\"> de &laquo;&nbsp;10 Murat => St-J.-des-Blats&nbsp;&raquo;<\/span><\/a><\/p>\n","protected":false},"author":1,"featured_media":0,"parent":18,"menu_order":13,"comment_status":"closed","ping_status":"closed","template":"","meta":{"ngg_post_thumbnail":0},"_links":{"self":[{"href":"https:\/\/archive.via-arverna.org\/index.php?rest_route=\/wp\/v2\/pages\/44"}],"collection":[{"href":"https:\/\/archive.via-arverna.org\/index.php?rest_route=\/wp\/v2\/pages"}],"about":[{"href":"https:\/\/archive.via-arverna.org\/index.php?rest_route=\/wp\/v2\/types\/page"}],"author":[{"embeddable":true,"href":"https:\/\/archive.via-arverna.org\/index.php?rest_route=\/wp\/v2\/users\/1"}],"replies":[{"embeddable":true,"href":"https:\/\/archive.via-arverna.org\/index.php?rest_route=%2Fwp%2Fv2%2Fcomments&post=44"}],"version-history":[{"count":16,"href":"https:\/\/archive.via-arverna.org\/index.php?rest_route=\/wp\/v2\/pages\/44\/revisions"}],"predecessor-version":[{"id":14988,"href":"https:\/\/archive.via-arverna.org\/index.php?rest_route=\/wp\/v2\/pages\/44\/revisions\/14988"}],"up":[{"embeddable":true,"href":"https:\/\/archive.via-arverna.org\/index.php?rest_route=\/wp\/v2\/pages\/18"}],"wp:attachment":[{"href":"https:\/\/archive.via-arverna.org\/index.php?rest_route=%2Fwp%2Fv2%2Fmedia&parent=44"}],"curies":[{"name":"wp","href":"https:\/\/api.w.org\/{rel}","templated":true}]}}