{"id":38,"date":"2016-05-09T23:17:34","date_gmt":"2016-05-09T22:17:34","guid":{"rendered":"http:\/\/via-arverna.org\/?page_id=38"},"modified":"2021-09-21T14:30:20","modified_gmt":"2021-09-21T13:30:20","slug":"etape-7","status":"publish","type":"page","link":"https:\/\/archive.via-arverna.org\/?page_id=38","title":{"rendered":"7  Massiac => Ferri\u00e8res"},"content":{"rendered":"<p>&nbsp;<\/p>\n<p style=\"text-align: center;\"><iframe loading=\"lazy\" style=\"width: 460px; height: 499px;\" src=\"https:\/\/www.meteoblue.com\/fr\/meteo\/widget\/three\/massiac_france_6427584?geoloc=fixed&amp;nocurrent=1&amp;days=4&amp;tempunit=CELSIUS&amp;windunit=KILOMETER_PER_HOUR&amp;layout=bright\" width=\"300\" height=\"150\" frameborder=\"1\" scrolling=\"NO\" sandbox=\"allow-same-origin allow-scripts allow-popups\"><\/iframe><\/p>\n<p style=\"text-align: center;\"><a href=\"http:\/\/hoteldesvoyageursfer.free.fr\/\" target=\"_blank\" rel=\"noopener noreferrer\">Manger et se loger \u00e0 l&rsquo;hotel des voyageurs de &nbsp;Ferri\u00e8res-Saint-Mary<\/a><\/p>\n<p style=\"text-align: center;\"><a href=\"http:\/\/www.ferrieres-st-mary.com\/-Hebergement-\" target=\"_blank\" rel=\"noopener noreferrer\">Chalet &#8211; Camping &#8211; Gites \u00e0 Ferri\u00e8res-Saint-Mary<\/a><\/p>\n<p style=\"text-align: center;\"><a href=\"http:\/\/via-arverna.org\/?page_id=36\" target=\"_blank\" rel=\"noopener noreferrer\">Etape Pr\u00e9c\u00e9dente <\/a> &#8211; <a href=\"http:\/\/via-arverna.org\/?page_id=40\">Etape suivante<\/a><\/p>\n","protected":false},"excerpt":{"rendered":"<p>&nbsp; Manger et se loger \u00e0 l&rsquo;hotel des voyageurs de &nbsp;Ferri\u00e8res-Saint-Mary Chalet &#8211; Camping &#8211; Gites \u00e0 Ferri\u00e8res-Saint-Mary Etape Pr\u00e9c\u00e9dente &#8211; Etape suivante<\/p>\n","protected":false},"author":1,"featured_media":0,"parent":18,"menu_order":10,"comment_status":"closed","ping_status":"closed","template":"","meta":{"ngg_post_thumbnail":0},"_links":{"self":[{"href":"https:\/\/archive.via-arverna.org\/index.php?rest_route=\/wp\/v2\/pages\/38"}],"collection":[{"href":"https:\/\/archive.via-arverna.org\/index.php?rest_route=\/wp\/v2\/pages"}],"about":[{"href":"https:\/\/archive.via-arverna.org\/index.php?rest_route=\/wp\/v2\/types\/page"}],"author":[{"embeddable":true,"href":"https:\/\/archive.via-arverna.org\/index.php?rest_route=\/wp\/v2\/users\/1"}],"replies":[{"embeddable":true,"href":"https:\/\/archive.via-arverna.org\/index.php?rest_route=%2Fwp%2Fv2%2Fcomments&post=38"}],"version-history":[{"count":16,"href":"https:\/\/archive.via-arverna.org\/index.php?rest_route=\/wp\/v2\/pages\/38\/revisions"}],"predecessor-version":[{"id":14992,"href":"https:\/\/archive.via-arverna.org\/index.php?rest_route=\/wp\/v2\/pages\/38\/revisions\/14992"}],"up":[{"embeddable":true,"href":"https:\/\/archive.via-arverna.org\/index.php?rest_route=\/wp\/v2\/pages\/18"}],"wp:attachment":[{"href":"https:\/\/archive.via-arverna.org\/index.php?rest_route=%2Fwp%2Fv2%2Fmedia&parent=38"}],"curies":[{"name":"wp","href":"https:\/\/api.w.org\/{rel}","templated":true}]}}