{"id":32,"date":"2016-05-09T23:09:16","date_gmt":"2016-05-09T22:09:16","guid":{"rendered":"http:\/\/via-arverna.org\/?page_id=32"},"modified":"2020-08-04T11:09:02","modified_gmt":"2020-08-04T10:09:02","slug":"etape-4","status":"publish","type":"page","link":"https:\/\/archive.via-arverna.org\/?page_id=32","title":{"rendered":"4 Jumeaux  => Brioude"},"content":{"rendered":"<p style=\"text-align: justify;\">De Jumeaux \u00e0 Brioude, la Via Arverna longe l\u2019Allier sur des berges qui pourraient bien avoir gard\u00e9 le souvenir des hommes qui, autrefois, fabriquaient des sapini\u00e8res pour amener le vin et la houille jusqu\u2019\u00e0 Paris, les \u00bbbachots \u00bb des passeurs, de grandes \u00ab charri\u00e8res \u00bb utilis\u00e9es pour mener les lourds attelages d\u2019une rive \u00e0 l\u2019autre. Toutes sortes d\u2019autres m\u00e9tiers s\u2019exer\u00e7aient dans ce pays industrieux : mineurs, bien s\u00fbr, cordiers de chanvre, ouvriers de confection, \u00ab cueilleurs \u00bb qui, de leurs \u00ab cannes \u00bb, soufflaient les bouteilles fabriqu\u00e9es par les ma\u00eetres-verriers, passementi\u00e8res\u2026 Charbonnier et sa commanderie, Sainte-Florine &#8211; dont le saint Jacques re\u00e7oit les p\u00e8lerins depuis le XVIII\u00e8me si\u00e8cle -, la ville fortifi\u00e9e d\u2019Auzon &#8211; avec sa coll\u00e9giale Saint-Laurent &#8211; sont au c\u0153ur d\u2019un pays fortement marqu\u00e9 par l\u2019histoire religieuse du Brivadois.<\/p>\n<p style=\"text-align: center;\"><script src=\"http:\/\/www.openrunner.com\/orservice\/inorser-script.php?key=mykey&amp;ser=S09&amp;id=6078575&amp;w=500&amp;h=430&amp;hp=128&amp;k=5&amp;m=0&amp;pa=1&amp;c=0&amp;ts=1463086900\" type=\"text\/javascript\"><\/script><\/p>\n<p style=\"text-align: center;\"><iframe loading=\"lazy\" style=\"width: 460px; height: 499px;\" src=\"https:\/\/www.meteoblue.com\/fr\/meteo\/widget\/three\/jumeaux_france_3012077?geoloc=fixed&amp;nocurrent=1&amp;days=4&amp;tempunit=CELSIUS&amp;windunit=KILOMETER_PER_HOUR&amp;layout=bright\" width=\"300\" height=\"150\" frameborder=\"1\" scrolling=\"NO\" sandbox=\"allow-same-origin allow-scripts allow-popups\"><\/iframe><\/p>\n<p style=\"text-align: center;\"><a href=\"http:\/\/via-arverna.org\/?page_id=30\" target=\"_blank\" rel=\"noopener noreferrer\">Etape Pr\u00e9c\u00e9dente <\/a> &#8211; <a href=\"http:\/\/via-arverna.org\/?page_id=34\" target=\"_blank\" rel=\"noopener noreferrer\">Etape suivante<\/a><\/p>\n","protected":false},"excerpt":{"rendered":"<p>De Jumeaux \u00e0 Brioude, la Via Arverna longe l\u2019Allier sur des berges qui pourraient bien avoir gard\u00e9 le souvenir des hommes qui, autrefois, fabriquaient des sapini\u00e8res pour amener le vin et la houille jusqu\u2019\u00e0 Paris, les \u00bbbachots \u00bb des passeurs, de grandes \u00ab charri\u00e8res \u00bb utilis\u00e9es pour mener les lourds attelages d\u2019une rive \u00e0 l\u2019autre. &hellip; <a href=\"https:\/\/archive.via-arverna.org\/?page_id=32\" class=\"more-link\">Continuer la lecture<span class=\"screen-reader-text\"> de &laquo;&nbsp;4 Jumeaux  => Brioude&nbsp;&raquo;<\/span><\/a><\/p>\n","protected":false},"author":1,"featured_media":0,"parent":18,"menu_order":7,"comment_status":"closed","ping_status":"closed","template":"","meta":{"ngg_post_thumbnail":0},"_links":{"self":[{"href":"https:\/\/archive.via-arverna.org\/index.php?rest_route=\/wp\/v2\/pages\/32"}],"collection":[{"href":"https:\/\/archive.via-arverna.org\/index.php?rest_route=\/wp\/v2\/pages"}],"about":[{"href":"https:\/\/archive.via-arverna.org\/index.php?rest_route=\/wp\/v2\/types\/page"}],"author":[{"embeddable":true,"href":"https:\/\/archive.via-arverna.org\/index.php?rest_route=\/wp\/v2\/users\/1"}],"replies":[{"embeddable":true,"href":"https:\/\/archive.via-arverna.org\/index.php?rest_route=%2Fwp%2Fv2%2Fcomments&post=32"}],"version-history":[{"count":12,"href":"https:\/\/archive.via-arverna.org\/index.php?rest_route=\/wp\/v2\/pages\/32\/revisions"}],"predecessor-version":[{"id":1149,"href":"https:\/\/archive.via-arverna.org\/index.php?rest_route=\/wp\/v2\/pages\/32\/revisions\/1149"}],"up":[{"embeddable":true,"href":"https:\/\/archive.via-arverna.org\/index.php?rest_route=\/wp\/v2\/pages\/18"}],"wp:attachment":[{"href":"https:\/\/archive.via-arverna.org\/index.php?rest_route=%2Fwp%2Fv2%2Fmedia&parent=32"}],"curies":[{"name":"wp","href":"https:\/\/api.w.org\/{rel}","templated":true}]}}