{"id":30,"date":"2016-05-09T23:08:42","date_gmt":"2016-05-09T22:08:42","guid":{"rendered":"http:\/\/via-arverna.org\/?page_id=30"},"modified":"2020-08-04T11:08:58","modified_gmt":"2020-08-04T10:08:58","slug":"etape-3","status":"publish","type":"page","link":"https:\/\/archive.via-arverna.org\/?page_id=30","title":{"rendered":"3 Issoire  => Jumeaux"},"content":{"rendered":"<p style=\"text-align: justify;\">D\u00e8s la sortie d\u2019Issoire, la Via Arverna gravit, entre Lambronnet et Limagne, la plus grande chaux de ce territoire, veill\u00e9e par Le Broc, ancien bourg fortifi\u00e9. Au-del\u00e0 de Gignat, le p\u00e8lerin vire vers l\u2019est, en val d\u2019Allier, du Breuil-sur-Couze \u00e0 l\u2019\u00e9glise romane de Mailhat, en passant sous le village de Nonette construit sur une chemin\u00e9e de volcan d\u00e9gag\u00e9e par l\u2019\u00e9rosion. En longeant l\u2019Allier, il atteint le Saut du Loup o\u00f9 l\u2019imp\u00e9tueux Allagnon rejoint la grande rivi\u00e8re. L\u00e0 la Via Arverna p\u00e9n\u00e8tre dans l\u2019ancien bassin minier dont le charbon \u00e9tait transport\u00e9 sur l\u2019eau dans les sapini\u00e8res construites par les charpentiers de Jumeaux.<\/p>\n<p style=\"text-align: center;\"><script src=\"http:\/\/www.openrunner.com\/orservice\/inorser-script.php?key=mykey&amp;ser=S09&amp;id=6077765&amp;w=500&amp;h=350&amp;hp=128&amp;k=5&amp;m=0&amp;pa=1&amp;c=0&amp;ts=1463076693\" type=\"text\/javascript\"><\/script><\/p>\n<p style=\"text-align: center;\"><iframe loading=\"lazy\" style=\"width: 460px; height: 499px;\" src=\"https:\/\/www.meteoblue.com\/fr\/meteo\/widget\/three\/issoire_france_3012664?geoloc=fixed&amp;nocurrent=1&amp;days=4&amp;tempunit=CELSIUS&amp;windunit=KILOMETER_PER_HOUR&amp;layout=bright\" width=\"300\" height=\"150\" frameborder=\"1\" scrolling=\"NO\" sandbox=\"allow-same-origin allow-scripts allow-popups\"><\/iframe><\/p>\n<p style=\"text-align: center;\"><a href=\"http:\/\/via-arverna.org\/?page_id=27\" target=\"_blank\" rel=\"noopener noreferrer\">Etape Pr\u00e9c\u00e9dente <\/a> &#8211; <a href=\"http:\/\/via-arverna.org\/?page_id=32\" target=\"_blank\" rel=\"noopener noreferrer\">Etape suivante<\/a><\/p>\n","protected":false},"excerpt":{"rendered":"<p>D\u00e8s la sortie d\u2019Issoire, la Via Arverna gravit, entre Lambronnet et Limagne, la plus grande chaux de ce territoire, veill\u00e9e par Le Broc, ancien bourg fortifi\u00e9. Au-del\u00e0 de Gignat, le p\u00e8lerin vire vers l\u2019est, en val d\u2019Allier, du Breuil-sur-Couze \u00e0 l\u2019\u00e9glise romane de Mailhat, en passant sous le village de Nonette construit sur une chemin\u00e9e &hellip; <a href=\"https:\/\/archive.via-arverna.org\/?page_id=30\" class=\"more-link\">Continuer la lecture<span class=\"screen-reader-text\"> de &laquo;&nbsp;3 Issoire  => Jumeaux&nbsp;&raquo;<\/span><\/a><\/p>\n","protected":false},"author":1,"featured_media":0,"parent":18,"menu_order":6,"comment_status":"closed","ping_status":"closed","template":"","meta":{"ngg_post_thumbnail":0},"_links":{"self":[{"href":"https:\/\/archive.via-arverna.org\/index.php?rest_route=\/wp\/v2\/pages\/30"}],"collection":[{"href":"https:\/\/archive.via-arverna.org\/index.php?rest_route=\/wp\/v2\/pages"}],"about":[{"href":"https:\/\/archive.via-arverna.org\/index.php?rest_route=\/wp\/v2\/types\/page"}],"author":[{"embeddable":true,"href":"https:\/\/archive.via-arverna.org\/index.php?rest_route=\/wp\/v2\/users\/1"}],"replies":[{"embeddable":true,"href":"https:\/\/archive.via-arverna.org\/index.php?rest_route=%2Fwp%2Fv2%2Fcomments&post=30"}],"version-history":[{"count":14,"href":"https:\/\/archive.via-arverna.org\/index.php?rest_route=\/wp\/v2\/pages\/30\/revisions"}],"predecessor-version":[{"id":1148,"href":"https:\/\/archive.via-arverna.org\/index.php?rest_route=\/wp\/v2\/pages\/30\/revisions\/1148"}],"up":[{"embeddable":true,"href":"https:\/\/archive.via-arverna.org\/index.php?rest_route=\/wp\/v2\/pages\/18"}],"wp:attachment":[{"href":"https:\/\/archive.via-arverna.org\/index.php?rest_route=%2Fwp%2Fv2%2Fmedia&parent=30"}],"curies":[{"name":"wp","href":"https:\/\/api.w.org\/{rel}","templated":true}]}}