{"id":254,"date":"2016-05-22T19:01:15","date_gmt":"2016-05-22T18:01:15","guid":{"rendered":"http:\/\/via-arverna.org\/?page_id=254"},"modified":"2022-03-06T16:20:18","modified_gmt":"2022-03-06T15:20:18","slug":"pelerins-sur-le-chemin","status":"publish","type":"page","link":"https:\/\/archive.via-arverna.org\/?page_id=254","title":{"rendered":"P\u00e8lerins sur le chemin"},"content":{"rendered":"<p>P\u00e8lerins en route ou ayant parcourus la Via Arverna:<\/p>\n<h6>&#x2666; <a href=\"https:\/\/www.facebook.com\/JLD-2016-1824489534444848\/?fref=ts\" target=\"_blank\" rel=\"noopener noreferrer\">JLD parti en avril 2016<\/a>&nbsp; arriv\u00e9 \u00e0 &nbsp;St Jacques de Compostelle et ses photos de l&rsquo;Ultima Compostella &#8211;&nbsp;<\/h6>\n<p>Sites Sp\u00e9cialis\u00e9s:<\/p>\n<p>&#x2666; <a href=\"http:\/\/pelerins-compostelle.org\" target=\"_blank\" rel=\"noopener noreferrer\"><u><span style=\"color: #0066cc;\">Confr\u00e9rie Fraternelle des Jacquets de France<\/span><\/u><\/a><\/p>\n<p>&#x2666; <a href=\"http:\/\/www.webcompostella.com\/via-arverna-chemin-dauvergne\/\" target=\"_blank\" rel=\"noopener noreferrer\">Webcompostella<\/a><\/p>\n<p>Partir avec un encadrement Professionnel:<\/p>\n<p>&#x2666;&nbsp;<a href=\"http:\/\/www.via-compostela.com\/fr\/chemins\/via-arverna\" target=\"_blank\" rel=\"noopener noreferrer\">via compostela<\/a><\/p>\n","protected":false},"excerpt":{"rendered":"<p>P\u00e8lerins en route ou ayant parcourus la Via Arverna: &#x2666; JLD parti en avril 2016&nbsp; arriv\u00e9 \u00e0 &nbsp;St Jacques de Compostelle et ses photos de l&rsquo;Ultima Compostella &#8211;&nbsp; Sites Sp\u00e9cialis\u00e9s: &#x2666; Confr\u00e9rie Fraternelle des Jacquets de France &#x2666; Webcompostella Partir avec un encadrement Professionnel: &#x2666;&nbsp;via compostela<\/p>\n","protected":false},"author":1,"featured_media":0,"parent":0,"menu_order":29,"comment_status":"closed","ping_status":"closed","template":"","meta":{"ngg_post_thumbnail":0},"_links":{"self":[{"href":"https:\/\/archive.via-arverna.org\/index.php?rest_route=\/wp\/v2\/pages\/254"}],"collection":[{"href":"https:\/\/archive.via-arverna.org\/index.php?rest_route=\/wp\/v2\/pages"}],"about":[{"href":"https:\/\/archive.via-arverna.org\/index.php?rest_route=\/wp\/v2\/types\/page"}],"author":[{"embeddable":true,"href":"https:\/\/archive.via-arverna.org\/index.php?rest_route=\/wp\/v2\/users\/1"}],"replies":[{"embeddable":true,"href":"https:\/\/archive.via-arverna.org\/index.php?rest_route=%2Fwp%2Fv2%2Fcomments&post=254"}],"version-history":[{"count":14,"href":"https:\/\/archive.via-arverna.org\/index.php?rest_route=\/wp\/v2\/pages\/254\/revisions"}],"predecessor-version":[{"id":15016,"href":"https:\/\/archive.via-arverna.org\/index.php?rest_route=\/wp\/v2\/pages\/254\/revisions\/15016"}],"wp:attachment":[{"href":"https:\/\/archive.via-arverna.org\/index.php?rest_route=%2Fwp%2Fv2%2Fmedia&parent=254"}],"curies":[{"name":"wp","href":"https:\/\/api.w.org\/{rel}","templated":true}]}}