{"id":23,"date":"2016-05-09T22:44:29","date_gmt":"2016-05-09T21:44:29","guid":{"rendered":"http:\/\/via-arverna.org\/?page_id=23"},"modified":"2020-08-04T11:08:18","modified_gmt":"2020-08-04T10:08:18","slug":"etape-1","status":"publish","type":"page","link":"https:\/\/archive.via-arverna.org\/?page_id=23","title":{"rendered":"1 Clermont-Fd => Olloix"},"content":{"rendered":"<p style=\"text-align: justify;\">La <a href=\"http:\/\/clermont.catholique.fr\/basilique\/notre-dame-du-port\/accueil.html\" target=\"_blank\" rel=\"noopener noreferrer\">basilique Notre-Dame du Port<\/a>, inscrite au Patrimoine mondial par l\u2019Unesco au titre des chemins de Compostelle est, tout naturellement, le point de d\u00e9part de la Via Arverna. Puis les premiers pas du p\u00e8lerin s\u2019\u00e9l\u00e8vent vers l\u2019\u00e9vocation de ce jour de novembre 1095 o\u00f9 Urbain II pr\u00eacha la premi\u00e8re croisade sur une place de Clermont, acclam\u00e9 par des dizaines de milliers d\u2019\u00e2mes. Rapidement, cette premi\u00e8re \u00e9tape prend un tour champ\u00eatre : des coteaux viticoles et fruitiers \u2013 peu \u00e0 peu aval\u00e9s par l\u2019urbanisation &#8211; aux terres pastorales du plateau d\u2019Olloix autrefois prot\u00e9g\u00e9es par les Hospitaliers. Au soir, la majest\u00e9 de l\u2019\u00e9glise romane de Saint-Saturnin et les vestiges des commanderies de Chanonat et d\u2019Olloix auront d\u00e9j\u00e0 transport\u00e9 le jacquet loin au-dessus de la ville et de la Vierge noire de Notre-Dame-du-Port v\u00e9n\u00e9r\u00e9e depuis le Moyen-\u00c2ge par les p\u00e8lerins de passage.<\/p>\n<p style=\"text-align: center;\"><strong>Nouveau trac\u00e9 modifi\u00e9 apr\u00e8s Saint-Saturnin jusqu&rsquo;\u00e0 Olloix<\/strong><br \/>\n<script src=\"http:\/\/www.openrunner.com\/orservice\/inorser-script.php?key=mykey&amp;ser=S09&amp;id=6077626&amp;w=500&amp;h=800&amp;hp=128&amp;k=2&amp;m=0&amp;pa=1&amp;c=0&amp;ts=1463074399\" type=\"text\/javascript\"><\/script><\/p>\n","protected":false},"excerpt":{"rendered":"<p>La basilique Notre-Dame du Port, inscrite au Patrimoine mondial par l\u2019Unesco au titre des chemins de Compostelle est, tout naturellement, le point de d\u00e9part de la Via Arverna. Puis les premiers pas du p\u00e8lerin s\u2019\u00e9l\u00e8vent vers l\u2019\u00e9vocation de ce jour de novembre 1095 o\u00f9 Urbain II pr\u00eacha la premi\u00e8re croisade sur une place de Clermont, &hellip; <a href=\"https:\/\/archive.via-arverna.org\/?page_id=23\" class=\"more-link\">Continuer la lecture<span class=\"screen-reader-text\"> de &laquo;&nbsp;1 Clermont-Fd => Olloix&nbsp;&raquo;<\/span><\/a><\/p>\n","protected":false},"author":1,"featured_media":331,"parent":18,"menu_order":4,"comment_status":"closed","ping_status":"closed","template":"","meta":{"ngg_post_thumbnail":0},"_links":{"self":[{"href":"https:\/\/archive.via-arverna.org\/index.php?rest_route=\/wp\/v2\/pages\/23"}],"collection":[{"href":"https:\/\/archive.via-arverna.org\/index.php?rest_route=\/wp\/v2\/pages"}],"about":[{"href":"https:\/\/archive.via-arverna.org\/index.php?rest_route=\/wp\/v2\/types\/page"}],"author":[{"embeddable":true,"href":"https:\/\/archive.via-arverna.org\/index.php?rest_route=\/wp\/v2\/users\/1"}],"replies":[{"embeddable":true,"href":"https:\/\/archive.via-arverna.org\/index.php?rest_route=%2Fwp%2Fv2%2Fcomments&post=23"}],"version-history":[{"count":42,"href":"https:\/\/archive.via-arverna.org\/index.php?rest_route=\/wp\/v2\/pages\/23\/revisions"}],"predecessor-version":[{"id":1146,"href":"https:\/\/archive.via-arverna.org\/index.php?rest_route=\/wp\/v2\/pages\/23\/revisions\/1146"}],"up":[{"embeddable":true,"href":"https:\/\/archive.via-arverna.org\/index.php?rest_route=\/wp\/v2\/pages\/18"}],"wp:featuredmedia":[{"embeddable":true,"href":"https:\/\/archive.via-arverna.org\/index.php?rest_route=\/wp\/v2\/media\/331"}],"wp:attachment":[{"href":"https:\/\/archive.via-arverna.org\/index.php?rest_route=%2Fwp%2Fv2%2Fmedia&parent=23"}],"curies":[{"name":"wp","href":"https:\/\/api.w.org\/{rel}","templated":true}]}}