{"id":226,"date":"2016-05-13T22:11:09","date_gmt":"2016-05-13T21:11:09","guid":{"rendered":"http:\/\/via-arverna.org\/?page_id=226"},"modified":"2020-09-03T11:00:34","modified_gmt":"2020-09-03T10:00:34","slug":"nous-contacter","status":"publish","type":"page","link":"https:\/\/archive.via-arverna.org\/?page_id=226","title":{"rendered":"Nous Contacter"},"content":{"rendered":"<p><img loading=\"lazy\" class=\"aligncenter size-full wp-image-260\" src=\"http:\/\/via-arverna.org\/wp-content\/uploads\/2016\/05\/cropped-logocolportagecouleur.jpg\" alt=\"cropped-logocolportagecouleur.jpg\" width=\"240\" height=\"240\" srcset=\"https:\/\/archive.via-arverna.org\/wp-content\/uploads\/2016\/05\/cropped-logocolportagecouleur.jpg 240w, https:\/\/archive.via-arverna.org\/wp-content\/uploads\/2016\/05\/cropped-logocolportagecouleur-150x150.jpg 150w\" sizes=\"(max-width: 240px) 85vw, 240px\" \/><\/p>\n<h2>Arverna-officiel<\/h2>\n<p>COLPORTAGE MASSIF CENTRAL Arts du Chemin, Amis de Chamina et de la Via Arverna une terre \u00e0 parcourir, un espace \u00e0 partager<\/p>\n<hr \/>\n<p><span style=\"color: #ff0000;\">Adresse Courrier<\/span>:<\/p>\n<p>Colportage &#8211; Via Arverna<br \/>28 rue Mar\u00e9chal Foch<br \/>Romagnat 63540<br \/>France<\/p>\n<p>T\u00e9l:07 68 56 18 74\u00a0 \u00a0 \u00a0 \u00a0 \u00a0mail:colportage.arts.du.chemin@gmail.com<\/p>\n<p>Sites : via-arverna.org,\u00a0 https:\/\/viaarverna.wordpress.com\/ (cr\u00e9\u00e9 par Werner Kreutler, marcheur autrichien)<\/p>\n<p>Avec le soutien : CD 63, CD 15, Clermont-Communaut\u00e9, Ville de Clermont, Communaut\u00e9 de Commune du Brivadois, du Dioc\u00e8se de Clermont et de Odile Saugue, d\u00e9put\u00e9e, fondation Michelin<\/p>\n<p>\u00a0<\/p>\n\n\n<div role=\"form\" class=\"wpcf7\" id=\"wpcf7-f284-o1\" lang=\"fr-FR\" dir=\"ltr\">\n<div class=\"screen-reader-response\"><p role=\"status\" aria-live=\"polite\" aria-atomic=\"true\"><\/p> <ul><\/ul><\/div>\n<form action=\"\/index.php?rest_route=%2Fwp%2Fv2%2Fpages%2F226#wpcf7-f284-o1\" method=\"post\" class=\"wpcf7-form init\" novalidate=\"novalidate\" data-status=\"init\">\n<div style=\"display: none;\">\n<input type=\"hidden\" name=\"_wpcf7\" value=\"284\" \/>\n<input type=\"hidden\" name=\"_wpcf7_version\" value=\"5.4.1\" \/>\n<input type=\"hidden\" name=\"_wpcf7_locale\" value=\"fr_FR\" \/>\n<input type=\"hidden\" name=\"_wpcf7_unit_tag\" value=\"wpcf7-f284-o1\" \/>\n<input type=\"hidden\" name=\"_wpcf7_container_post\" value=\"0\" \/>\n<input type=\"hidden\" name=\"_wpcf7_posted_data_hash\" value=\"\" \/>\n<input type=\"hidden\" name=\"_wpcf7_recaptcha_response\" value=\"\" \/>\n<\/div>\n<p>Votre nom (obligatoire)<br \/>\n    <span class=\"wpcf7-form-control-wrap your-name\"><input type=\"text\" name=\"your-name\" value=\"\" size=\"40\" class=\"wpcf7-form-control wpcf7-text wpcf7-validates-as-required\" aria-required=\"true\" aria-invalid=\"false\" \/><\/span> <\/p>\n<p>Votre email (obligatoire)<br \/>\n    <span class=\"wpcf7-form-control-wrap your-email\"><input type=\"email\" name=\"your-email\" value=\"\" size=\"40\" class=\"wpcf7-form-control wpcf7-text wpcf7-email wpcf7-validates-as-required wpcf7-validates-as-email\" aria-required=\"true\" aria-invalid=\"false\" \/><\/span> <\/p>\n<p>Sujet<br \/>\n    <span class=\"wpcf7-form-control-wrap your-subject\"><input type=\"text\" name=\"your-subject\" value=\"\" size=\"40\" class=\"wpcf7-form-control wpcf7-text\" aria-invalid=\"false\" \/><\/span> <\/p>\n<p>Votre message<br \/>\n    <span class=\"wpcf7-form-control-wrap your-message\"><textarea name=\"your-message\" cols=\"40\" rows=\"10\" class=\"wpcf7-form-control wpcf7-textarea\" aria-invalid=\"false\"><\/textarea><\/span> <\/p>\n<p><input type=\"submit\" value=\"Envoyer\" class=\"wpcf7-form-control wpcf7-submit\" \/><\/p>\n<div class=\"wpcf7-response-output\" aria-hidden=\"true\"><\/div><\/form><\/div>\n","protected":false},"excerpt":{"rendered":"<p>Arverna-officiel COLPORTAGE MASSIF CENTRAL Arts du Chemin, Amis de Chamina et de la Via Arverna une terre \u00e0 parcourir, un espace \u00e0 partager Adresse Courrier: Colportage &#8211; Via Arverna28 rue Mar\u00e9chal FochRomagnat 63540France T\u00e9l:07 68 56 18 74\u00a0 \u00a0 \u00a0 \u00a0 \u00a0mail:colportage.arts.du.chemin@gmail.com Sites : via-arverna.org,\u00a0 https:\/\/viaarverna.wordpress.com\/ (cr\u00e9\u00e9 par Werner Kreutler, marcheur autrichien) Avec le soutien &hellip; <a href=\"https:\/\/archive.via-arverna.org\/?page_id=226\" class=\"more-link\">Continuer la lecture<span class=\"screen-reader-text\"> de &laquo;&nbsp;Nous Contacter&nbsp;&raquo;<\/span><\/a><\/p>\n","protected":false},"author":1,"featured_media":0,"parent":0,"menu_order":31,"comment_status":"closed","ping_status":"closed","template":"","meta":{"ngg_post_thumbnail":0},"_links":{"self":[{"href":"https:\/\/archive.via-arverna.org\/index.php?rest_route=\/wp\/v2\/pages\/226"}],"collection":[{"href":"https:\/\/archive.via-arverna.org\/index.php?rest_route=\/wp\/v2\/pages"}],"about":[{"href":"https:\/\/archive.via-arverna.org\/index.php?rest_route=\/wp\/v2\/types\/page"}],"author":[{"embeddable":true,"href":"https:\/\/archive.via-arverna.org\/index.php?rest_route=\/wp\/v2\/users\/1"}],"replies":[{"embeddable":true,"href":"https:\/\/archive.via-arverna.org\/index.php?rest_route=%2Fwp%2Fv2%2Fcomments&post=226"}],"version-history":[{"count":33,"href":"https:\/\/archive.via-arverna.org\/index.php?rest_route=\/wp\/v2\/pages\/226\/revisions"}],"predecessor-version":[{"id":1248,"href":"https:\/\/archive.via-arverna.org\/index.php?rest_route=\/wp\/v2\/pages\/226\/revisions\/1248"}],"wp:attachment":[{"href":"https:\/\/archive.via-arverna.org\/index.php?rest_route=%2Fwp%2Fv2%2Fmedia&parent=226"}],"curies":[{"name":"wp","href":"https:\/\/api.w.org\/{rel}","templated":true}]}}