{"id":18,"date":"2016-05-09T22:34:10","date_gmt":"2016-05-09T21:34:10","guid":{"rendered":"http:\/\/via-arverna.org\/?page_id=18"},"modified":"2021-09-21T14:28:05","modified_gmt":"2021-09-21T13:28:05","slug":"etapes-de-la-via-arverna","status":"publish","type":"page","link":"https:\/\/archive.via-arverna.org\/?page_id=18","title":{"rendered":"Trac\u00e9 de la  VIA ARVERNA"},"content":{"rendered":"<h5 style=\"text-align: center;\">La voie du milieu est compos\u00e9e d&rsquo;une vingtaine d&rsquo;\u00e9tapes :<\/h5>\n<p><img loading=\"lazy\" class=\"aligncenter size-full wp-image-20\" src=\"http:\/\/via-arverna.org\/wp-content\/uploads\/2016\/05\/carte_via_arverna_officiel1.jpg\" alt=\"carte_via_arverna_officiel1\" width=\"470\" height=\"433\"><\/p>\n<h5 style=\"text-align: center;\">&nbsp;Parcours Officiel<\/h5>\n<p style=\"text-align: center;\"><script src=\"http:\/\/www.openrunner.com\/orservice\/inorser-script.php?key=mykey&amp;ser=S09&amp;id=6064698&amp;w=600&amp;h=500&amp;hp=128&amp;k=20&amp;m=0&amp;pa=1&amp;c=0&amp;ts=1463075439\" type=\"text\/javascript\"><\/script><\/p>\n\n\n<p><strong>4 juin 2021<\/strong><\/p>\n\n\n\n<p>Bonjour \u00e0 tous&nbsp;et \u00e0 toutes,<br>Compte tenu d&rsquo;une modification partielle de <strong>l&rsquo;\u00e9tape 10<\/strong> (MURAT \/ SAINT JACQUES DES BLATS), cons\u00e9quence du refus de renouvellement de l&rsquo;autorisation de passage par l&rsquo;un des propri\u00e9taires des lieux (les chemins sont souvent priv\u00e9s), vous trouverez ci-dessous le nouveau plan surlign\u00e9 en bleu.<\/p>\n\n\n\n<p>Toutefois, pour vous \u00e9viter de monter jusqu&rsquo;\u00e0 CHEIROUZE -point 4 sur le guide papier \u00e9tape 10- nous vous invitons \u00e0 emprunter la variante VTT depuis MURAT jusqu&rsquo;\u00e0 LAVEISSIERE, tron\u00e7on balis\u00e9 sous la forme \u00ab\u00a0VIA ARVERNA &#8211; Les variantes du Colporteur\u00a0\u00bb.                                                                                                                 A LAVEISSIERE vous trouverez le nouveau balisage via Arverna vous permettant de rejoindre le rocher du Bec de l&rsquo;aigle et ensuite retrouver le balisage et le circuit normal pour rejoindre SAINT JACQUES DES BLATS comme indiqu\u00e9 sur le guide papier.<br><br><\/p>\n\n\n\n<figure class=\"wp-block-image size-large\"><img loading=\"lazy\" width=\"1024\" height=\"725\" src=\"http:\/\/via-arverna.org\/wp-content\/uploads\/2021\/06\/image-1024x725.png\" alt=\"\" class=\"wp-image-14956\" srcset=\"https:\/\/archive.via-arverna.org\/wp-content\/uploads\/2021\/06\/image-1024x725.png 1024w, https:\/\/archive.via-arverna.org\/wp-content\/uploads\/2021\/06\/image-300x212.png 300w, https:\/\/archive.via-arverna.org\/wp-content\/uploads\/2021\/06\/image-768x543.png 768w, https:\/\/archive.via-arverna.org\/wp-content\/uploads\/2021\/06\/image.png 1122w\" sizes=\"(max-width: 709px) 85vw, (max-width: 909px) 67vw, (max-width: 1362px) 62vw, 840px\" \/><\/figure>\n","protected":false},"excerpt":{"rendered":"<p>La voie du milieu est compos\u00e9e d&rsquo;une vingtaine d&rsquo;\u00e9tapes : &nbsp;Parcours Officiel 4 juin 2021 Bonjour \u00e0 tous&nbsp;et \u00e0 toutes,Compte tenu d&rsquo;une modification partielle de l&rsquo;\u00e9tape 10 (MURAT \/ SAINT JACQUES DES BLATS), cons\u00e9quence du refus de renouvellement de l&rsquo;autorisation de passage par l&rsquo;un des propri\u00e9taires des lieux (les chemins sont souvent priv\u00e9s), vous trouverez &hellip; <a href=\"https:\/\/archive.via-arverna.org\/?page_id=18\" class=\"more-link\">Continuer la lecture<span class=\"screen-reader-text\"> de &laquo;&nbsp;Trac\u00e9 de la  VIA ARVERNA&nbsp;&raquo;<\/span><\/a><\/p>\n","protected":false},"author":1,"featured_media":0,"parent":0,"menu_order":3,"comment_status":"closed","ping_status":"closed","template":"","meta":{"ngg_post_thumbnail":0},"_links":{"self":[{"href":"https:\/\/archive.via-arverna.org\/index.php?rest_route=\/wp\/v2\/pages\/18"}],"collection":[{"href":"https:\/\/archive.via-arverna.org\/index.php?rest_route=\/wp\/v2\/pages"}],"about":[{"href":"https:\/\/archive.via-arverna.org\/index.php?rest_route=\/wp\/v2\/types\/page"}],"author":[{"embeddable":true,"href":"https:\/\/archive.via-arverna.org\/index.php?rest_route=\/wp\/v2\/users\/1"}],"replies":[{"embeddable":true,"href":"https:\/\/archive.via-arverna.org\/index.php?rest_route=%2Fwp%2Fv2%2Fcomments&post=18"}],"version-history":[{"count":32,"href":"https:\/\/archive.via-arverna.org\/index.php?rest_route=\/wp\/v2\/pages\/18\/revisions"}],"predecessor-version":[{"id":14991,"href":"https:\/\/archive.via-arverna.org\/index.php?rest_route=\/wp\/v2\/pages\/18\/revisions\/14991"}],"wp:attachment":[{"href":"https:\/\/archive.via-arverna.org\/index.php?rest_route=%2Fwp%2Fv2%2Fmedia&parent=18"}],"curies":[{"name":"wp","href":"https:\/\/api.w.org\/{rel}","templated":true}]}}