{"id":12737,"date":"2012-02-26T19:41:54","date_gmt":"2012-02-26T18:41:54","guid":{"rendered":"http:\/\/arverna-compostelle.fr\/wordpress\/?page_id=334"},"modified":"2020-11-25T09:33:38","modified_gmt":"2020-11-25T08:33:38","slug":"etapes-1-a-10","status":"publish","type":"page","link":"https:\/\/archive.via-arverna.org\/?page_id=12737","title":{"rendered":"Etapes 1 \u00e0 10"},"content":{"rendered":"<div>\n<h6>Long de 506 km, ce chemin a \u00e9t\u00e9 d\u00e9coup\u00e9 en 20 \u00e9tapes ou 24 \u00e9tapes. Cette liste correspond \u00e0 celle propos\u00e9e par le guide Chamina, r\u00e9f\u00e9rence indispensable pour faire le chemin dans de bonnes conditions et poss\u00e9der des informations compl\u00e9mentaires sur l\u2019histoire des endroits travers\u00e9s.<\/h6>\n<p>Pour la r\u00e9daction de chaque \u00e9tape, j\u2019ai construis chaque fiche-\u00e9tape de la mani\u00e8re suivante&nbsp;:<\/p>\n<ul>\n<li>Introduction<\/li>\n<li>Informations techniques<\/li>\n<li>Conseils pratiques (commodit\u00e9s, \u00e9tape)<\/li>\n<li>Descriptif &amp; R\u00e9cit de Parcours de l\u2019\u00e9tape<\/li>\n<li>Bivouac ville d\u2019arriv\u00e9e<\/li>\n<li>Balisage<\/li>\n<\/ul>\n<p>A terme, j\u2019esp\u00e8re fournir les trac\u00e9s GPS de toutes les \u00e9tapes. Les fichiers seront au format gpx et\/ou kml (Google Earth).<\/p>\n<h1>Informations techniques<\/h1>\n<\/div>\n<p>Pour chaque \u00e9tape, est ins\u00e9r\u00e9 un cartouche sous forme de dessin dont voici la l\u00e9gende&nbsp;:<\/p>\n<p>&nbsp;<\/p>\n<figure id=\"attachment_1535\" aria-describedby=\"caption-attachment-1535\" style=\"width: 216px\" class=\"wp-caption aligncenter\"><a href=\"http:\/\/arverna-compostelle.fr\/wordpress\/etapes-1-a-10\/detail_etape_legende_informations_techniques\/\" rel=\"attachment wp-att-1535\"><img loading=\"lazy\" class=\"size-full wp-image-1535\" title=\"detail_etape_legende_informations_techniques\" src=\"http:\/\/via-arverna.org\/wp-content\/uploads\/2012\/03\/detail_etape_legende_informations_techniques.jpg\" alt=\"\" width=\"216\" height=\"213\"><\/a><figcaption id=\"caption-attachment-1535\" class=\"wp-caption-text\">L\u00e9gende pour les informations techniques<\/figcaption><\/figure>\n<p>&nbsp;<\/p>\n<figure id=\"attachment_12690\" aria-describedby=\"caption-attachment-12690\" style=\"width: 300px\" class=\"wp-caption alignnone\"><img loading=\"lazy\" class=\"wp-image-12690 size-medium\" title=\"preparatifs_liste_des_etapes\" src=\"http:\/\/via-arverna.org\/wp-content\/uploads\/2012\/03\/preparatifs_liste_des_etapes-300x192.jpg\" alt=\"\" width=\"300\" height=\"192\" srcset=\"https:\/\/archive.via-arverna.org\/wp-content\/uploads\/2012\/03\/preparatifs_liste_des_etapes-300x192.jpg 300w, https:\/\/archive.via-arverna.org\/wp-content\/uploads\/2012\/03\/preparatifs_liste_des_etapes-768x491.jpg 768w, https:\/\/archive.via-arverna.org\/wp-content\/uploads\/2012\/03\/preparatifs_liste_des_etapes.jpg 855w\" sizes=\"(max-width: 300px) 85vw, 300px\" \/><figcaption id=\"caption-attachment-12690\" class=\"wp-caption-text\">Liste des \u00e9tapes<\/figcaption><\/figure>\n<div>\n<h1>Commodit\u00e9s<\/h1>\n<\/div>\n<p>Pour les commodit\u00e9s, j\u2019ai essay\u00e9 de noter les informations pouvant \u00eatre utiles pour les futurs randonneurs, <strong>mais il est \u00e9vident que ce recensement est loin d\u2019\u00eatre exhaustif<\/strong>. Si vous avez d\u00e9j\u00e0 parcouru ce chemin ou que vous habitez sur le parcours, n\u2019h\u00e9sitez \u00e0 compl\u00e9ter cette liste.<\/p>\n<p>Pour chaque \u00e9tape, est ins\u00e9r\u00e9 un cartouche sous forme de l\u00e9gende.<\/p>\n<p>De plus, vous pouvez aussi me faire part de vos bons plans via la rubrique <a href=\"mailto:arverna-compostelle@gmail.com?subject=[Via%20Arverna]%20Bons%20Plan,%20lieux%20pour%20picniquer\">me contacter<\/a> (ex&nbsp;: lieux pour pique-niquer, promotions sur certains h\u00e9bergements, petites et grandes curiosit\u00e9s, commentaires sur les variantes\u2026) et de ma faire de toutes informations utiles.<\/p>\n<figure id=\"attachment_1539\" aria-describedby=\"caption-attachment-1539\" style=\"width: 439px\" class=\"wp-caption aligncenter\"><a href=\"http:\/\/arverna-compostelle.fr\/wordpress\/etapes-1-a-10\/detail_etape_legende_commodites\/\" rel=\"attachment wp-att-1539\"><img loading=\"lazy\" class=\"size-full wp-image-1539\" title=\"detail_etape_legende_commodites\" src=\"http:\/\/via-arverna.org\/wp-content\/uploads\/2012\/03\/detail_etape_legende_commodites.jpg\" alt=\"\" width=\"439\" height=\"425\"><\/a><figcaption id=\"caption-attachment-1539\" class=\"wp-caption-text\">L\u00e9gende pour les commodit\u00e9s<\/figcaption><\/figure>\n","protected":false},"excerpt":{"rendered":"<p>Long de 506 km, ce chemin a \u00e9t\u00e9 d\u00e9coup\u00e9 en 20 \u00e9tapes ou 24 \u00e9tapes. Cette liste correspond \u00e0 celle propos\u00e9e par le guide Chamina, r\u00e9f\u00e9rence indispensable pour faire le chemin dans de bonnes conditions et poss\u00e9der des informations compl\u00e9mentaires sur l\u2019histoire des endroits travers\u00e9s. Pour la r\u00e9daction de chaque \u00e9tape, j\u2019ai construis chaque fiche-\u00e9tape &hellip; <a href=\"https:\/\/archive.via-arverna.org\/?page_id=12737\" class=\"more-link\">Continuer la lecture<span class=\"screen-reader-text\"> de &laquo;&nbsp;Etapes 1 \u00e0 10&nbsp;&raquo;<\/span><\/a><\/p>\n","protected":false},"author":3,"featured_media":0,"parent":1217,"menu_order":4,"comment_status":"closed","ping_status":"closed","template":"","meta":{"ngg_post_thumbnail":0},"_links":{"self":[{"href":"https:\/\/archive.via-arverna.org\/index.php?rest_route=\/wp\/v2\/pages\/12737"}],"collection":[{"href":"https:\/\/archive.via-arverna.org\/index.php?rest_route=\/wp\/v2\/pages"}],"about":[{"href":"https:\/\/archive.via-arverna.org\/index.php?rest_route=\/wp\/v2\/types\/page"}],"author":[{"embeddable":true,"href":"https:\/\/archive.via-arverna.org\/index.php?rest_route=\/wp\/v2\/users\/3"}],"replies":[{"embeddable":true,"href":"https:\/\/archive.via-arverna.org\/index.php?rest_route=%2Fwp%2Fv2%2Fcomments&post=12737"}],"version-history":[{"count":3,"href":"https:\/\/archive.via-arverna.org\/index.php?rest_route=\/wp\/v2\/pages\/12737\/revisions"}],"predecessor-version":[{"id":14855,"href":"https:\/\/archive.via-arverna.org\/index.php?rest_route=\/wp\/v2\/pages\/12737\/revisions\/14855"}],"up":[{"embeddable":true,"href":"https:\/\/archive.via-arverna.org\/index.php?rest_route=\/wp\/v2\/pages\/1217"}],"wp:attachment":[{"href":"https:\/\/archive.via-arverna.org\/index.php?rest_route=%2Fwp%2Fv2%2Fmedia&parent=12737"}],"curies":[{"name":"wp","href":"https:\/\/api.w.org\/{rel}","templated":true}]}}