{"id":1217,"date":"2020-08-04T10:50:04","date_gmt":"2020-08-04T09:50:04","guid":{"rendered":"http:\/\/via-arverna.org\/?page_id=1217"},"modified":"2021-09-03T14:50:39","modified_gmt":"2021-09-03T13:50:39","slug":"temoignages","status":"publish","type":"page","link":"https:\/\/archive.via-arverna.org\/?page_id=1217","title":{"rendered":"T\u00c9MOIGNAGES"},"content":{"rendered":"\n<h2><strong>SEPTEMBRE 2021 &#8211; Lo\u00efc<\/strong><\/h2>\n\n\n\n<p>Bonjour Thierry,                                                                                                                               de retour dans le train pour Lorient, juste un petit mot pour te dire le grand plaisir que j&rsquo;ai eu \u00e0 traverser la via Arverna que j&rsquo;ai termin\u00e9e hier \u00e0 CAHORS&#8230;un \u00e9merveillement&#8230;un grand merci \u00e0 vous gestionnaires et initiateurs de ce camino&#8230;et une mention particuli\u00e8re pour les sympathiques accueillants dont il convient de souligner leur gentillesse. Transmets mes amiti\u00e9s \u00e0 Bernard et Jean Louis. Bien amicalement,                                                                                                                Lo\u00efc<\/p>\n\n\n\n<h2><strong>JUILLET 2021 &#8211; Christian<\/strong><\/h2>\n\n\n\n<p>Bonsoir,<br>Me voil\u00e0 arriv\u00e9 \u00e0 Aurillac. C&rsquo;est un peu plus que la moiti\u00e9 de la Via Arverna et j&rsquo;avoue que cette travers\u00e9e du Cantal me laissera un excellent souvenir autant par les paysages, les chemins que par les \u00e9changes et les rencontres.<br>Le chemin nous apporte exactement ce dont nous avons besoin.<br>C&rsquo;est magique.<br>M\u00eame s&rsquo;il n&rsquo;est pas tr\u00e8s fr\u00e9quent\u00e9, il est fait son travail de la m\u00eame fa\u00e7on.<br>Je vais poursuivre et continuer \u00e0 descendre des monts d&rsquo;Auvergne et du Cantal pour aller plus loin, jusqu&rsquo;au bout.<br>Merci, merci infiniment \u00e0 toi, vous, tous ceux qui \u0153uvrent pour que cela existe.<br>Avec toute ma reconnaissance,<br>Christian,<br>Ultre\u00efa, Ultre\u00efa<\/p>\n\n\n\n<h2>JUIN 2021 &#8211; Francis<\/h2>\n\n\n\n<p>Nous voici arriv\u00e9s au bout de la Via Arverna ! Apr\u00e8s une derni\u00e8re \u00e9tape avec son lot de surprises et de d\u00e9couvertes&#8230; Un chemin extraordinaire et qui demande un peu de pr\u00e9paration physique ! Pas un jour \u00e0 moins de 400 m de d\u00e9nivel\u00e9 positif. Mais le spectacle est au rendez-vous quelles que soit les conditions climatiques !!<\/p>\n\n\n\n<h2>MAI 2021 &#8211; St\u00e9phanie<\/h2>\n\n\n\n<p>Bonjour Thierry. <\/p>\n\n\n\n<p>Quel plaisir de vous lire.Nous sommes partis de Bourges le 17 mars par une variante de Vezelay absolument magnifique qui nous a permis d&rsquo;arriver \u00e0 C Ferrand le 29 mars.<br>Ensuite nous avons suivi cette magnifique via Arverna y compris pendant le confinement. (Nous avons zapp\u00e9 l&rsquo;\u00e9tape Murat, St Jacques des Blats \u00e0 cause du mauvais temps, de la neige et du confinement&#8230;)<br>Tous les h\u00e9bergeurs nous ont accueillis magnifiquement jusqu&rsquo;\u00e0 Aurillac o\u00f9 une mauvaise chute le 13 avril (\u00e0 Ytrack) m&rsquo;a contraint \u00e0 m&rsquo;arr\u00eater&nbsp; : fracture de la malleole.&nbsp;<br>Nous avons trouv\u00e9 refuge aupr\u00e8s d&rsquo;amis de la Via Arverna (sur votre liste d&rsquo;hebergeurs) et nous avons lou\u00e9 un petit studio sur Aurillac pendant 3 semaines.Nous avons fait le choix de ne pas rentrer chez nous.<br>Nous avons quitt\u00e9 Aurillac ce matin en direction de Lourdes.Nous y resterons un mois, le temps de la consolidation.&nbsp;<br>D\u00e9but juin nous avons le projet de rejoindre Urdarix (\u00e0 pieds) pour faire la voie de la Baztan&nbsp; (un vieux r\u00eave).<br>Nous r\u00e9f\u00e9rons la Via Arverna dans son int\u00e9gralit\u00e9 en 2023.Merci d&rsquo;avoir pris de nos nouvelles. Si vous voulez plus de d\u00e9tail : \u00e9tapes, h\u00e9bergements. .. ce sera sans probl\u00e8me.Bien cordialement&nbsp;St\u00e9phanie&nbsp;<\/p>\n\n\n\n<h2>JANVIER 2021 &#8211; Jean Pierre<\/h2>\n\n\n\n<p>Chers amis,<\/p>\n\n\n\n<p>A mon tour je vous pr\u00e9sente mes v\u0153ux pour 2021, esp\u00e9rant que l&rsquo;ann\u00e9e sera meilleur que la pr\u00e9c\u00e9dente, j&rsquo;en doute cependant.<\/p>\n\n\n\n<p>Mais dans tous les cas, lorsque le ciel s&rsquo;assombrira, nous penserons aux magnifiques, aux sublimes panorama du Massif Central sur la Via Arverna et cela nous remettra du baume au c\u0153ur.<\/p>\n\n\n\n<p>Comme pr\u00e9vu nous avons effectu\u00e9 le parcours de Paray-le-Monial \u00e0 Lourdes du 14 septembre au 23 octobre 2020, au d\u00e9part nous \u00e9tions 6, \u00e0 l&rsquo;arriv\u00e9e 12. Nous avons, bien s\u00fbr parcouru la Via Arverna de Clermont \u00e0 Rocamadour (sans passer par Cahors, mais en utilisant l&rsquo;alternative par Agen). Malheureusement cette ann\u00e9e la MTO n\u00e9tait pas aussi belle qu&rsquo;attendue, nous avons donc \u00e9t\u00e9 abondamment arros\u00e9s, sans que cet inconv\u00e9nient n&rsquo;affecte notre moral.<\/p>\n\n\n\n<p>Malgr\u00e9 tout quel r\u00e9gal lorsque le ciel se d\u00e9gageait. Personnellement j&rsquo;ai \u00e9t\u00e9 tr\u00e8s \u00e9mus de red\u00e9couvrir les paysages enchanteurs que j&rsquo;ai bien connu dans les ann\u00e9es 1967-68 puisque j&rsquo;ai effectu\u00e9 mon \u00e9cole de pilotage sur ce qui \u00e9tait alors la base d&rsquo;Aulnat. Inutile de vous dire que tout cela reste grav\u00e9 dans mon c\u0153ur.<\/p>\n\n\n\n<p>Quel plaisir de red\u00e9couvrir la caract\u00e9ristique pointe d&rsquo;accent auvergnat, pas si \u00e9loign\u00e9e de la mienne, puisque je suis originaire de la Savoie, (vivant d\u00e9sormais pr\u00e8s de Carcassonne) ! Quel plaisir de respirer l&rsquo;air des collines , des gen\u00eats, des foug\u00e8res, des vall\u00e9es, des ruisseaux, des chemins forestiers, des bourasques du plateau du Cantal ! Quel plaisir de rencontrer des gens authentiques dont certains m&rsquo;ont \u00e9trangement remis en m\u00e9moires des cousins, vrais paysans rustiques, ne poss\u00e9dant que le Certif, mais plus instruits et surtout plus sens\u00e9s qu&rsquo;un ministre actuel. Et puis obsessionnellement me venait \u00e0 l&rsquo;esprit les fabuleux r\u00e9cit, si vrais, si r\u00e9els du magnifique Jean Anglade. Et puis par dessus tout il serait plus qu&rsquo;inconvenant de ne pas \u00e9voquer la si g\u00e9n\u00e9reuse et si agr\u00e9able Marie Peyronnet \u00e0 Saint-Jacques-des-Blats. Rencontrer une telle personne vous r\u00e9concilie avec le genre humain ! D&rsquo;ailleurs ce jour l\u00e0, le 28 septembre, j&rsquo;ai pu \u00e9changer quelques mots avec M. Bernard Quinsat qui \u00e9tait en communication avec notre h\u00f4tesse.<\/p>\n\n\n\n<p>Bref, inutile de vous dire que j&rsquo;aime la Via Arverna et que mes amis l&rsquo;ont autant appr\u00e9ci\u00e9e que moi.<\/p>\n\n\n\n<p>Je ne voudrais pas vous quitter sans vous dire un grand merci pour la documentation, super utile (comme disent les jeunes) que vous nous avez fournie, un grand merci aux baliseurs qui ont bien travaill\u00e9, m\u00eame si ce travail est perfectible.<\/p>\n\n\n\n<p>Mes plus sinc\u00e8res amiti\u00e9s \u00e0 tous.<\/p>\n\n\n\n<p>VIVE LA VIA&nbsp; ARVERNA !<\/p>\n\n\n\n<p>Jean-Pierre Pache<br>Chamayou<br>11240 Cailhavel<br>tel 04.68.69.47.42\/06.27.48.12.27<\/p>\n\n\n\n<p>P.S. Bien \u00e9videmment je renouvelle ma cotisation.<\/p>\n\n\n\n<h2>SEPTEMBRE 2020 &#8211; Daniel et Arlette<\/h2>\n\n\n\n<figure class=\"wp-block-table\"><table class=\"has-subtle-pale-pink-background-color has-background\"><tbody><tr><td><em>VIA ARVERNA un chemin vers Compostelle<\/em><br>La Via Arverna je l&rsquo;avais imagin\u00e9 comme un challenge pendant les 9 mois du traitement de mon cancer. Un chemin au d\u00e9part de Clermont Ferrand, 500 Km entre vall\u00e9es et montagnes comme un souffle d&rsquo;air frais. Le 31 aout, 2 mois apr\u00e8s la fin de mes traitements je me sentais pr\u00eat \u00e0 suivre ce salvateur chemin de Compostelle. Les monts d&rsquo;Auvergne et du Cantal sont propices \u00e0 nous emmener au-del\u00e0 de nous m\u00eame dans un authentique&nbsp;voyage hors des sentiers battus m\u00eame si ce p\u00e9riple \u00e9tait bien pr\u00e9somptueux pour un convalescent. En chemin j&rsquo;ai appris qu&rsquo;il fallait assumer les mots et les maux de son corps, si la fatigue vous envahit elle vous ordonne de vous arr\u00eater. Cette parenth\u00e8se sur la Via Arverna m\u00eame si elle a \u00e9t\u00e9 difficile m&rsquo;a aid\u00e9 a me redonner le courage d&rsquo;avancer. La rencontre avec Bernard Quinsat initiateur et catalyseur de la Via Arverna fut \u00e9vidente puisque nous partageons les m\u00eames valeurs de la marche; Nous seront accueillis \u00e0 Romagnat lors de notre premi\u00e8re \u00e9tape chez Bernard et Laurette Quinsat pour une soir\u00e9e dans le partage et la bonne humeur. La vie et les rencontres sont fortes sur ce chemin ou les amis de la Via Arverna forment une famille qui nous accueille tout naturellement comme des amis tout au long des \u00e9tapes. Je ne les citerais pas mais ils resteront dans notre m\u00e9moire comme un pr\u00e9cieux souvenir. Je remercie leur sollicitude qui va au-del\u00e0 du chemin. Notre p\u00e9riple s\u2019arr\u00eatera \u00e0 Aurillac apr\u00e8s 15 jours de cheminement.Un r\u00e9cit en images intimistes, il est difficile de raconter ses choix et ses sensations tout en marchant une cam\u00e9ra \u00e0 la main.Se livrer c\u2019est aussi donner espoir pour tous ceux qui r\u00eavent de retrouver les chemins apr\u00e8s une maladie astreignante. Je vous propose de me suivre en suivant Arlette dans ce film entre confidences et environnement.Au fait je vais bien! \u2026<br>Daniel et Arlette BORZAKIAN <a rel=\"noreferrer noopener\" href=\"mailto:dborza@orange.fr\" target=\"_blank\">dborza@orange.fr<\/a><br>VIA ARVERNA sur Youtube<br><a rel=\"noreferrer noopener\" href=\"https:\/\/youtu.be\/Vqq6Vtlv9h0\" target=\"_blank\">https:\/\/youtu.be\/Vqq6Vtlv9h0<\/a><\/td><\/tr><\/tbody><\/table><\/figure>\n\n\n\n<div class=\"wp-block-image\"><figure class=\"alignright size-large is-resized\"><img loading=\"lazy\" src=\"http:\/\/via-arverna.org\/wp-content\/uploads\/2020\/08\/puy-griou.jpg\" alt=\"\" class=\"wp-image-1240\" width=\"235\" height=\"353\" srcset=\"https:\/\/archive.via-arverna.org\/wp-content\/uploads\/2020\/08\/puy-griou.jpg 526w, https:\/\/archive.via-arverna.org\/wp-content\/uploads\/2020\/08\/puy-griou-200x300.jpg 200w\" sizes=\"(max-width: 235px) 85vw, 235px\" \/><figcaption>vue sur le puy Griou &#8211; Cantal<\/figcaption><\/figure><\/div>\n\n\n\n<h2>Jo\u00eblle &#8211; Ao\u00fbt 2020<\/h2>\n\n\n\n<p>Je rentre de 6 jours de marche sur la via Arverna, de Massiac \u00e0 Aurillac ; pas une seule rencontre humaine sur le chemin.<\/p>\n\n\n\n<p>Des h\u00e9bergements sobres mais de qualit\u00e9, des particuliers h\u00e9bergeurs, amis du chemin, charmants.<\/p>\n\n\n\n<p>Le balisage est impeccable sur tout le trajet ; quelques modifications sur le terrain par rapport au topo mais en suivant fid\u00e8lement le balisage, il n&rsquo;y a pas de probl\u00e8me.<\/p>\n\n\n\n<p>J&rsquo;esp\u00e8re que d&rsquo;ici l&rsquo;an prochain un h\u00e9bergement sera disponible \u00e0 Laroquebrou pour pouvoir descendre jusqu&rsquo;\u00e0 Cahors.<\/p>\n\n\n\n<p>J&rsquo;ai vraiment v\u00e9cu un chemin de paix, de ressourcement, ce que je souhaitais.<\/p>\n\n\n\n<p>Cordialement,<\/p>\n\n\n\n<p>Jo\u00eblle<\/p>\n\n\n\n<h2>Matthieu &#8211; ao\u00fbt 2020<\/h2>\n\n\n\n<p>Une jolie voie confidentielle qui flirte avec le GR400 absolument \u00e9poustouflante, je recommande !<\/p>\n\n\n\n<p><\/p>\n\n\n\n<h2> Fabien  &#8211;  Juillet 2020 <\/h2>\n\n\n\n<p> Ravis ! Je disais a Marie Peyronnet : pour moi, plus beau que le Puy en Velay \/ Conques  et un balisage du tonnerre !  <\/p>\n\n\n\n<p> Amiti\u00e9s Fabien  <\/p>\n\n\n\n<figure class=\"wp-block-image size-large is-resized\"><img loading=\"lazy\" src=\"http:\/\/via-arverna.org\/wp-content\/uploads\/2020\/08\/volcan-cantallien-1-1024x768.jpg\" alt=\"\" class=\"wp-image-1218\" width=\"256\" height=\"192\" srcset=\"https:\/\/archive.via-arverna.org\/wp-content\/uploads\/2020\/08\/volcan-cantallien-1-1024x768.jpg 1024w, https:\/\/archive.via-arverna.org\/wp-content\/uploads\/2020\/08\/volcan-cantallien-1-300x225.jpg 300w, https:\/\/archive.via-arverna.org\/wp-content\/uploads\/2020\/08\/volcan-cantallien-1-768x576.jpg 768w, https:\/\/archive.via-arverna.org\/wp-content\/uploads\/2020\/08\/volcan-cantallien-1-1200x900.jpg 1200w, https:\/\/archive.via-arverna.org\/wp-content\/uploads\/2020\/08\/volcan-cantallien-1.jpg 1440w\" sizes=\"(max-width: 256px) 85vw, 256px\" \/><figcaption>Monts du Cantal depuis la pinatelle<\/figcaption><\/figure>\n\n\n\n<h2>Laurence &#8211; juillet 2020<\/h2>\n\n\n\n<p>\n\nVoil\u00e0 le voyage touche&nbsp; malheureusement&nbsp;&nbsp;\u00e0 sa fin pour moi,&nbsp; Magnifique chemin!&nbsp;Merci pour vos conseils et pour votre association&nbsp;Bien \u00e0 vous.&nbsp;Bel \u00e9t\u00e9&nbsp;\n\n<\/p>\n\n\n\n<h2>  R\u00e9my &#8211; Septembre 2019  <\/h2>\n\n\n\n<p> Bonjour Bernard!  <\/p>\n\n\n\n<p> D\u00e9part ce matin a 7h40 du yaourt mural pour une escapade de 5 h tr\u00e8s tr\u00e8s agr\u00e9able, la d\u00e9couverte des villages sur le chemin, les points de vue, les roches, faune et flore.. Super! le balisage est au top, le guide bien expliqu\u00e9! clermont-ferrand, sa basilique notre dame du port ,la table de Thierry, tr\u00e8s riche et excellent! st saturnin, tr\u00e8s beau , son \u00e9glise romane superbe, notre h\u00f4te Laurence, tr\u00e8s sympa! aucun randonneur croise, \u00e7a nous va tr\u00e8s bien! d\u00e9part demain , aux alentours de 8h pour montaigut!&nbsp;  <\/p>\n\n\n\n<p> Bonne soir\u00e9e!  <\/p>\n\n\n\n<p> R\u00e9my <\/p>\n\n\n\n<figure class=\"wp-block-image size-large is-resized\"><img loading=\"lazy\" src=\"http:\/\/via-arverna.org\/wp-content\/uploads\/2020\/08\/Saint-Floret-1.jpg\" alt=\"\" class=\"wp-image-1219\" width=\"256\" height=\"171\" srcset=\"https:\/\/archive.via-arverna.org\/wp-content\/uploads\/2020\/08\/Saint-Floret-1.jpg 1024w, https:\/\/archive.via-arverna.org\/wp-content\/uploads\/2020\/08\/Saint-Floret-1-300x200.jpg 300w, https:\/\/archive.via-arverna.org\/wp-content\/uploads\/2020\/08\/Saint-Floret-1-768x512.jpg 768w\" sizes=\"(max-width: 256px) 85vw, 256px\" \/><figcaption>En s&rsquo;approchant d&rsquo;Issoire<\/figcaption><\/figure>\n\n\n\n<p><\/p>\n\n\n\n<h2> Chantelle et G\u00e9rard &#8211; Ao\u00fbt 2019 <\/h2>\n\n\n\n<p> Bonjour Laurette, bonjour Bernard, <\/p>\n\n\n\n<p> Voil\u00e0 nous avons fini notre Via Arverna hier en arrivant \u00e0 Rocamadour. Cela a \u00e9t\u00e9 un r\u00e9gal m\u00eame mardi en partie sous la pluie. Nous avons fait Autoire, Loubressac, Carennac.&nbsp; Une splendeur. . <\/p>\n\n\n\n<p> &nbsp;Sur ce bises \u00e0 Laurette et \u00e0 bient\u00f4t. <\/p>\n\n\n\n<figure class=\"wp-block-image size-large is-resized\"><img loading=\"lazy\" src=\"http:\/\/via-arverna.org\/wp-content\/uploads\/2020\/08\/rocamadour-1-1024x1024.jpg\" alt=\"\" class=\"wp-image-1220\" width=\"256\" height=\"256\" srcset=\"https:\/\/archive.via-arverna.org\/wp-content\/uploads\/2020\/08\/rocamadour-1-1024x1024.jpg 1024w, https:\/\/archive.via-arverna.org\/wp-content\/uploads\/2020\/08\/rocamadour-1-300x300.jpg 300w, https:\/\/archive.via-arverna.org\/wp-content\/uploads\/2020\/08\/rocamadour-1-150x150.jpg 150w, https:\/\/archive.via-arverna.org\/wp-content\/uploads\/2020\/08\/rocamadour-1-768x768.jpg 768w, https:\/\/archive.via-arverna.org\/wp-content\/uploads\/2020\/08\/rocamadour-1-1200x1200.jpg 1200w, https:\/\/archive.via-arverna.org\/wp-content\/uploads\/2020\/08\/rocamadour-1.jpg 1440w\" sizes=\"(max-width: 256px) 85vw, 256px\" \/><figcaption>Rocamadour<\/figcaption><\/figure>\n\n\n\n<h2>Cl\u00e9mence &#8211; juillet 2019<\/h2>\n\n\n\n<p>\n\nMerci beaucoup !&nbsp;J&rsquo;ai vraiment, vraiment beaucoup appr\u00e9ci\u00e9 cette marche. J&rsquo;ai trouv\u00e9 le balisage tr\u00e8s clair bien agenc\u00e9 sur tout mon parcours (exception faite d&rsquo;une balise presque totalement d\u00e9truite sur le plateau de Gergovie, et d&rsquo;un balisage peut \u00eatre pas assez prononc\u00e9 \u00e0 la sortie d&rsquo;Olloix, mais \u00e7a ne m&rsquo;a pas port\u00e9 pr\u00e9judice, j&rsquo;ai r\u00e9ussi \u00e0 trouver mon chemin). J&rsquo;ai \u00e9t\u00e9 surprise de ne pas croiser d&rsquo;autres randonneurs sur la Via Arverna pendant ces cinq jours, mais quelque part c&rsquo;est ce qui m&rsquo;a attir\u00e9e vers ce sentier : la certitude que je n&rsquo;allais pas marcher avec une foule de p\u00e8lerins sur le chemin principal de Compostelle.&nbsp;<br><\/p>\n","protected":false},"excerpt":{"rendered":"<p>SEPTEMBRE 2021 &#8211; Lo\u00efc Bonjour Thierry, de retour dans le train pour Lorient, juste un petit mot pour te dire le grand plaisir que j&rsquo;ai eu \u00e0 traverser la via Arverna que j&rsquo;ai termin\u00e9e hier \u00e0 CAHORS&#8230;un \u00e9merveillement&#8230;un grand merci \u00e0 vous gestionnaires et initiateurs de ce camino&#8230;et une mention particuli\u00e8re pour les sympathiques accueillants &hellip; <a href=\"https:\/\/archive.via-arverna.org\/?page_id=1217\" class=\"more-link\">Continuer la lecture<span class=\"screen-reader-text\"> de &laquo;&nbsp;T\u00c9MOIGNAGES&nbsp;&raquo;<\/span><\/a><\/p>\n","protected":false},"author":4,"featured_media":0,"parent":0,"menu_order":24,"comment_status":"closed","ping_status":"closed","template":"","meta":{"ngg_post_thumbnail":0},"_links":{"self":[{"href":"https:\/\/archive.via-arverna.org\/index.php?rest_route=\/wp\/v2\/pages\/1217"}],"collection":[{"href":"https:\/\/archive.via-arverna.org\/index.php?rest_route=\/wp\/v2\/pages"}],"about":[{"href":"https:\/\/archive.via-arverna.org\/index.php?rest_route=\/wp\/v2\/types\/page"}],"author":[{"embeddable":true,"href":"https:\/\/archive.via-arverna.org\/index.php?rest_route=\/wp\/v2\/users\/4"}],"replies":[{"embeddable":true,"href":"https:\/\/archive.via-arverna.org\/index.php?rest_route=%2Fwp%2Fv2%2Fcomments&post=1217"}],"version-history":[{"count":12,"href":"https:\/\/archive.via-arverna.org\/index.php?rest_route=\/wp\/v2\/pages\/1217\/revisions"}],"predecessor-version":[{"id":14984,"href":"https:\/\/archive.via-arverna.org\/index.php?rest_route=\/wp\/v2\/pages\/1217\/revisions\/14984"}],"wp:attachment":[{"href":"https:\/\/archive.via-arverna.org\/index.php?rest_route=%2Fwp%2Fv2%2Fmedia&parent=1217"}],"curies":[{"name":"wp","href":"https:\/\/api.w.org\/{rel}","templated":true}]}}