{"id":11,"date":"2016-05-09T22:09:39","date_gmt":"2016-05-09T21:09:39","guid":{"rendered":"http:\/\/via-arverna.org\/?page_id=11"},"modified":"2020-11-29T17:41:30","modified_gmt":"2020-11-29T16:41:30","slug":"principale","status":"publish","type":"page","link":"https:\/\/archive.via-arverna.org\/?page_id=11","title":{"rendered":"Pr\u00e9sentation"},"content":{"rendered":"<h2 style=\"text-align: center;\"><span style=\"color: #000080;\">LE CHEMIN D\u2019AUVERGNE :<\/span><br \/>\n<span style=\"color: #000080;\"> CHEMIN RHENAN et VOIE DU MILIEU \u00a9<\/span><\/h2>\n<p style=\"text-align: justify;\">A partir d\u2019un chevelu de chemins portant m\u00e9moire et traces des nombreux p\u00e8lerins partis vers SaintJacques-de-Compostelle \u00e0 travers l\u2019Auvergne et le Quercy pour confluer, \u00e0 Cahors, avec le grand courant venant du Puy-en-Velay, Chamina, sous la houlette de deux jacquaires \u00e9minents, Humbert Jacomet et Christophe Odoult, recr\u00e9a, il y a plus de 10 ans, ce chemin qu\u2019ils nomm\u00e8rent Via Arverna\u00ae. Un nom qui, sit\u00f4t, claqua comme banni\u00e8re*.<br \/>\n<strong>Via Arverna, un itin\u00e9raire magnifique \u2013 certains se risquent \u00e0 pr\u00e9tendre qu\u2019il n\u2019en est pas de plus<br \/>\nbeau en France<\/strong> \u2013 qui s\u2019insinue \u00e0 travers la \u00ab Basse Auvergne \u00bb en majest\u00e9 dans ses \u00e9glises romanes et aux rives de l\u2019 Allier son \u00ab fleuve \u00bb imp\u00e9tueux ; puis la \u00ab Haute Auvergne \u00bb majeure en ses sommets &#8211; le p\u00e8lerin doit franchir le volcan du Cantal \u00e0 plus de 1 600 m &#8211; et enfin, touchant) \u00e0 la si humaine Dordogne fr\u00e9quente le \u00ab beau Quercy \u00bb, en Rocamadour allant \u00e0 la rencontre de ses inoubliables villages .<br \/>\nEntre Notre-Dame-du-Port \u00e0 Clermont-Ferrand et Notre-Dame de Rocamadour, ce chemin d\u00e9ploie un fil spirituel ininterrompu relay\u00e9 par Saint-Julien de Brioude (une autre histoire de p\u00e8lerinage) et l\u2019\u00e2me de l\u2019imposante abbaye b\u00e9n\u00e9dictine Saint-G\u00e9raud d\u2019Aurillac o\u00f9 fut \u00ab \u00e9lev\u00e9 \u00bb le pape de l\u2019an mil .<br \/>\nA l\u2019instar du philosophe Fr\u00e9d\u00e9ric Gros et de l\u2019\u00e9crivain agnostique Jean-Claude Bourl\u00e9s et pour tant d\u2019autres pour qui la marche fait reliance, Colportage, d\u2019exp\u00e9rience pense que la grande itin\u00e9rance est un exercice spirituel, quelles que soient les raisons initiales pour lesquelles on se met en \u00ab route \u00bb. Ainsi, chemin faisant, l\u2019\u00eatre marchant peut-il, \u00ab \u00e0 la longue \u00bb, se transformer en p\u00e8lerin\u2026 C\u2019est donc au p\u00e8lerin qu\u2019est d\u00e9di\u00e9 l\u2019engagement fraternel de Colportage. La Via Arverna doit \u00eatre cet itin\u00e9raire refuge sur lequel le chemineau livr\u00e9 au grand ordinaire du geste r\u00e9p\u00e9t\u00e9 retrouve les valeurs de la marche au long cours : la simplicit\u00e9, le d\u00e9pouillement, le silence, l\u2019immersion dans le \u00ab tr\u00e8s beau \u00bb et le plein de sens, la rencontre avec de vrais gens et avec le \u00ab monde \u00bb. La Marche profonde m\u00e8ne ainsi au c\u0153ur de l\u2019\u00eatre et de l\u2019autre, des choses et des lieux. A la vitesse de l\u2019homme, celle ou celui qui marche fait retour aux vraies richesses, saluant ainsi Giono et tant d\u2019autres \u00e9critures pour \u00ab fouler \u00bb le grand r\u00e9cit qui se fait de soi dans la venue \u00e0 la spiritualit\u00e9.<br \/>\nC\u2019est la fr\u00e9quentation par les p\u00e8lerins qui fera rayonner ce \u00ab Chemin d\u2019Auvergne \u00bb et, et \u00e0 leur suite d\u2019autres, diff\u00e9rents, viendront. Ils seront les bienvenus.<br \/>\nPour ce faire, le guide Colportage proposera au p\u00e8lerin et \u00e0 ses compagnons de marche tant des lieux pour se recueillir, que de petites gourmandises pour se r\u00e9jouir\u2026 la vie qui va intimement, pas \u00e0 pas !<br \/>\nA l\u2019origine de Chamina et de Colportage, Bernard Quinsat est l\u2019\u00e2me de cette voie singuli\u00e8re. Dix ans apr\u00e8s la recr\u00e9ation de la Via Arverna il a entrepris de lui donner un nouveau souffle. Voil\u00e0 ce qu\u2019\u00e9crit de lui Humbert Jacomet : \u00ab \u2026quintessence de l\u2019Auvergnat\u2026 verbe imaginatif et puissant, jarrets inusables, v\u00e9ritable \u00ab homo viator en Massif Central\u2026 des racines litt\u00e9raires qui d\u00e9fient l\u2019entendement\u2026 l\u2019homme me surprend et d\u00e9range mes paresses\u2026 Il me serre le bras pour me faire participer \u00e0 son ultime combat : revivifier la Via Arverna dont il veut faire un chemin d\u2019\u00e9pop\u00e9e ! \u00bb<br \/>\n* \u00ab\u00a0Via arverna un chemin vers Compostelle\u00a0\u00bb est une marque enregistr\u00e9e au RNIM n\u00b0 4190028.<\/p>\n","protected":false},"excerpt":{"rendered":"<p>LE CHEMIN D\u2019AUVERGNE : CHEMIN RHENAN et VOIE DU MILIEU \u00a9 A partir d\u2019un chevelu de chemins portant m\u00e9moire et traces des nombreux p\u00e8lerins partis vers SaintJacques-de-Compostelle \u00e0 travers l\u2019Auvergne et le Quercy pour confluer, \u00e0 Cahors, avec le grand courant venant du Puy-en-Velay, Chamina, sous la houlette de deux jacquaires \u00e9minents, Humbert Jacomet et &hellip; <a href=\"https:\/\/archive.via-arverna.org\/?page_id=11\" class=\"more-link\">Continuer la lecture<span class=\"screen-reader-text\"> de &laquo;&nbsp;Pr\u00e9sentation&nbsp;&raquo;<\/span><\/a><\/p>\n","protected":false},"author":1,"featured_media":0,"parent":0,"menu_order":1,"comment_status":"closed","ping_status":"closed","template":"","meta":{"ngg_post_thumbnail":0},"_links":{"self":[{"href":"https:\/\/archive.via-arverna.org\/index.php?rest_route=\/wp\/v2\/pages\/11"}],"collection":[{"href":"https:\/\/archive.via-arverna.org\/index.php?rest_route=\/wp\/v2\/pages"}],"about":[{"href":"https:\/\/archive.via-arverna.org\/index.php?rest_route=\/wp\/v2\/types\/page"}],"author":[{"embeddable":true,"href":"https:\/\/archive.via-arverna.org\/index.php?rest_route=\/wp\/v2\/users\/1"}],"replies":[{"embeddable":true,"href":"https:\/\/archive.via-arverna.org\/index.php?rest_route=%2Fwp%2Fv2%2Fcomments&post=11"}],"version-history":[{"count":47,"href":"https:\/\/archive.via-arverna.org\/index.php?rest_route=\/wp\/v2\/pages\/11\/revisions"}],"predecessor-version":[{"id":589,"href":"https:\/\/archive.via-arverna.org\/index.php?rest_route=\/wp\/v2\/pages\/11\/revisions\/589"}],"wp:attachment":[{"href":"https:\/\/archive.via-arverna.org\/index.php?rest_route=%2Fwp%2Fv2%2Fmedia&parent=11"}],"curies":[{"name":"wp","href":"https:\/\/api.w.org\/{rel}","templated":true}]}}